{"id":10945,"date":"2021-11-24T07:24:11","date_gmt":"2021-11-24T07:24:11","guid":{"rendered":"http:\/\/scentcompany.it\/contatti\/"},"modified":"2022-05-27T09:47:15","modified_gmt":"2022-05-27T07:47:15","slug":"contatti","status":"publish","type":"page","link":"https:\/\/www.scentcompany.it\/fr\/contatti\/","title":{"rendered":"CONTACTEZ NOUS"},"content":{"rendered":"\t\t<div data-elementor-type=\"wp-page\" data-elementor-id=\"10945\" class=\"elementor elementor-10945 elementor-3731\" data-elementor-settings=\"[]\">\n\t\t\t\t\t\t<div class=\"elementor-inner\">\n\t\t\t\t\t\t\t<div class=\"elementor-section-wrap\">\n\t\t\t\t\t\t\t<section class=\"has_eae_slider elementor-section elementor-top-section elementor-element elementor-element-4143d15 elementor-section-full_width elementor-section-stretched scent-google-map elementor-section-height-default elementor-section-height-default\" data-id=\"4143d15\" data-element_type=\"section\" data-settings=\"{&quot;stretch_section&quot;:&quot;section-stretched&quot;}\">\n\t\t\t\t\t\t<div class=\"elementor-container elementor-column-gap-default\">\n\t\t\t\t\t\t\t<div class=\"elementor-row\">\n\t\t\t\t\t<div class=\"has_eae_slider elementor-column elementor-col-100 elementor-top-column elementor-element elementor-element-74562a3\" data-id=\"74562a3\" data-element_type=\"column\">\n\t\t\t<div class=\"elementor-column-wrap elementor-element-populated\">\n\t\t\t\t\t\t\t<div class=\"elementor-widget-wrap\">\n\t\t\t\t\t\t<div class=\"elementor-element elementor-element-b5a40af elementor-widget elementor-widget-text-editor\" data-id=\"b5a40af\" data-element_type=\"widget\" data-widget_type=\"text-editor.default\">\n\t\t\t\t<div class=\"elementor-widget-container\">\n\t\t\t<style>\/*! elementor - v3.5.1 - 20-12-2021 *\/\n.elementor-widget-text-editor.elementor-drop-cap-view-stacked .elementor-drop-cap{background-color:#818a91;color:#fff}.elementor-widget-text-editor.elementor-drop-cap-view-framed .elementor-drop-cap{color:#818a91;border:3px solid;background-color:transparent}.elementor-widget-text-editor:not(.elementor-drop-cap-view-default) .elementor-drop-cap{margin-top:8px}.elementor-widget-text-editor:not(.elementor-drop-cap-view-default) .elementor-drop-cap-letter{width:1em;height:1em}.elementor-widget-text-editor .elementor-drop-cap{float:left;text-align:center;line-height:1;font-size:50px}.elementor-widget-text-editor .elementor-drop-cap-letter{display:inline-block}<\/style>\t\t\t\t\t<div class=\"elementor-text-editor elementor-clearfix\">\n\t\t\t\t<div style=\"height: 590px; display: block; overflow: hidden;\"><iframe loading=\"lazy\" style=\"position: relative; top: -130px; border: none;\" src=\"https:\/\/www.google.com\/maps\/embed?pb=!1m18!1m12!1m3!1d2782.9538903297525!2d9.813791916203613!3d45.77211432086425!2m3!1f0!2f0!3f0!3m2!1i1024!2i768!4f13.1!3m3!1m2!1s0x4783e2715a7aaaab%3A0xcefe3a8ea25e7599!2sScent%20Company%20Italia%20Marketing%20%26%20Branding%20Olfattivo%20e%20Profumazione%20d&#39;Ambiente!5e0!3m2!1sit!2sit!4v1638777631912!5m2!1sit!2sit\" width=\"640\" height=\"720\"><\/iframe><\/div>\t\t\t\t\t<\/div>\n\t\t\t\t\t\t<\/div>\n\t\t\t\t<\/div>\n\t\t\t\t\t\t<\/div>\n\t\t\t\t\t<\/div>\n\t\t<\/div>\n\t\t\t\t\t\t\t\t<\/div>\n\t\t\t\t\t<\/div>\n\t\t<\/section>\n\t\t\t\t<section class=\"has_eae_slider elementor-section elementor-top-section elementor-element elementor-element-f956b13 scent-text scent-page-contacts scent-form elementor-section-boxed elementor-section-height-default elementor-section-height-default\" data-id=\"f956b13\" data-element_type=\"section\">\n\t\t\t\t\t\t<div class=\"elementor-container elementor-column-gap-extended\">\n\t\t\t\t\t\t\t<div class=\"elementor-row\">\n\t\t\t\t\t<div class=\"has_eae_slider elementor-column elementor-col-50 elementor-top-column elementor-element elementor-element-b8f22f4\" data-id=\"b8f22f4\" data-element_type=\"column\">\n\t\t\t<div class=\"elementor-column-wrap elementor-element-populated\">\n\t\t\t\t\t\t\t<div class=\"elementor-widget-wrap\">\n\t\t\t\t\t\t<div class=\"elementor-element elementor-element-712e365 elementor-widget elementor-widget-organium_heading\" data-id=\"712e365\" data-element_type=\"widget\" data-widget_type=\"organium_heading.default\">\n\t\t\t\t<div class=\"elementor-widget-container\">\n\t\t\t\n        <div class=\"organium_heading_widget\">\n                            <h2 class=\"organium_heading\">\n\n                    <span class=\"small\">contactez-nous\n\n\n\n\n<\/span>                <\/h2>\n                        <\/div>\n        \t\t<\/div>\n\t\t\t\t<\/div>\n\t\t\t\t<div class=\"elementor-element elementor-element-1bde10d icon_position_left alignment-left alignment-mobile-center alignment-tablet-center elementor-widget-tablet__width-initial elementor-widget-mobile__width-inherit block_behavior_narrow elementor-widget elementor-widget-organium_icon_box\" data-id=\"1bde10d\" data-element_type=\"widget\" data-widget_type=\"organium_icon_box.default\">\n\t\t\t\t<div class=\"elementor-widget-container\">\n\t\t\t\n        <div class=\"organium_icon_box_widget\">\n            <div class=\"organium_icon_box_item\">\n\n                <div class=\"organium_icon_container background_type_image\">\n                    <span class=\"icon\"><\/span><img decoding=\"async\" class=\"organium_bg_image\" src=\"https:\/\/scentcompany.it\/wp-content\/uploads\/2021\/11\/scent-company-marker-min.png\" alt=\"Background Image\" \/>                <\/div>\n\n                <div class=\"organium_icon_box_content\">\n                    \n                    <div class=\"organium_info_container\">\n                        <p><h4>BUREAUX<\/h4>\n<p>Via V Martiri 1, 24029 <br>\nVertova (Bg) ITALIA<\/p>\n<h4>SIEGE SOCIAL:<\/h4>\n<p><a href=\"https:\/\/goo.gl\/maps\/qvR6YZCgvPMPimZC8\" target=\"_blank\">Via Sottoprovinciale 1\/H, 24021 <br>\nAlbino (BG) ITALIA<\/a><\/p>\n<h4>SCENT COMPANY FRANCE\n<\/h4>\n<h4>UNE MARQUE DE o3 LIFE<\/h4>\n<p>231 rue Saint Honor\u00e9\n<br>75001 Paris, France<\/p><\/p>                    <\/div>\n                <\/div>\n            <\/div>\n        <\/div>\n        \t\t<\/div>\n\t\t\t\t<\/div>\n\t\t\t\t<div class=\"elementor-element elementor-element-c84c667 icon_position_left alignment-left alignment-mobile-center alignment-tablet-center elementor-widget-tablet__width-initial elementor-widget-mobile__width-inherit block_behavior_narrow elementor-widget elementor-widget-organium_icon_box\" data-id=\"c84c667\" data-element_type=\"widget\" data-widget_type=\"organium_icon_box.default\">\n\t\t\t\t<div class=\"elementor-widget-container\">\n\t\t\t\n        <div class=\"organium_icon_box_widget\">\n            <div class=\"organium_icon_box_item\">\n\n                <div class=\"organium_icon_container background_type_image\">\n                    <span class=\"icon\"><\/span><img decoding=\"async\" class=\"organium_bg_image\" src=\"https:\/\/scentcompany.it\/wp-content\/uploads\/2021\/11\/scent-company-mail-min.png\" alt=\"Background Image\" \/>                <\/div>\n\n                <div class=\"organium_icon_box_content\">\n                    \n                    <div class=\"organium_info_container\">\n                        <p><h4>E-mail<\/h4>\n<p><a href=\"mailto:info@scentcompany.it\">e-mail: info@scentcompany.it<\/a> <br>    \n<a href=\"mailto:pecscentcompanysrl@propec.it\">pec: scentcompanysrl@propec.it<\/a><\/p><\/p>                    <\/div>\n                <\/div>\n            <\/div>\n        <\/div>\n        \t\t<\/div>\n\t\t\t\t<\/div>\n\t\t\t\t<div class=\"elementor-element elementor-element-539ca0b icon_position_left alignment-left alignment-mobile-center alignment-tablet-center elementor-widget-tablet__width-initial elementor-widget-mobile__width-inherit block_behavior_narrow elementor-widget elementor-widget-organium_icon_box\" data-id=\"539ca0b\" data-element_type=\"widget\" data-widget_type=\"organium_icon_box.default\">\n\t\t\t\t<div class=\"elementor-widget-container\">\n\t\t\t\n        <div class=\"organium_icon_box_widget\">\n            <div class=\"organium_icon_box_item\">\n\n                <div class=\"organium_icon_container background_type_image\">\n                    <span class=\"icon\"><\/span><img decoding=\"async\" class=\"organium_bg_image\" src=\"https:\/\/scentcompany.it\/wp-content\/uploads\/2021\/11\/scent-company-phone-min.png\" alt=\"Background Image\" \/>                <\/div>\n\n                <div class=\"organium_icon_box_content\">\n                    \n                    <div class=\"organium_info_container\">\n                        <p><h4>Tel<\/h4>\n<p><a href=\"tel:+39035720880\">+39 035 720880<\/a><\/p><\/p>                    <\/div>\n                <\/div>\n            <\/div>\n        <\/div>\n        \t\t<\/div>\n\t\t\t\t<\/div>\n\t\t\t\t\t\t<\/div>\n\t\t\t\t\t<\/div>\n\t\t<\/div>\n\t\t\t\t<div class=\"has_eae_slider elementor-column elementor-col-50 elementor-top-column elementor-element elementor-element-5ef7023\" data-id=\"5ef7023\" data-element_type=\"column\">\n\t\t\t<div class=\"elementor-column-wrap elementor-element-populated\">\n\t\t\t\t\t\t\t<div class=\"elementor-widget-wrap\">\n\t\t\t\t\t\t<div class=\"elementor-element elementor-element-bf27a46 elementor-widget elementor-widget-organium_heading\" data-id=\"bf27a46\" data-element_type=\"widget\" data-widget_type=\"organium_heading.default\">\n\t\t\t\t<div class=\"elementor-widget-container\">\n\t\t\t\n        <div class=\"organium_heading_widget\">\n                            <h2 class=\"organium_heading\">\n\n                    <span class=\"small\">envoie un message\n<\/span>                <\/h2>\n                        <\/div>\n        \t\t<\/div>\n\t\t\t\t<\/div>\n\t\t\t\t<div class=\"elementor-element elementor-element-0d5792a elementor-widget elementor-widget-htcontactform-addons\" data-id=\"0d5792a\" data-element_type=\"widget\" data-widget_type=\"htcontactform-addons.default\">\n\t\t\t\t<div class=\"elementor-widget-container\">\n\t\t\t            <div class=\"htcontact-form-wrapper\" >\n                \n<div class=\"wpcf7 no-js\" id=\"wpcf7-f10951-o1\" lang=\"it-IT\" dir=\"ltr\" data-wpcf7-id=\"10951\">\n<div class=\"screen-reader-response\"><p role=\"status\" aria-live=\"polite\" aria-atomic=\"true\"><\/p> <ul><\/ul><\/div>\n<form action=\"\/fr\/wp-json\/wp\/v2\/pages\/10945#wpcf7-f10951-o1\" method=\"post\" class=\"wpcf7-form init\" aria-label=\"Modulo di contatto\" novalidate=\"novalidate\" data-status=\"init\">\n<div style=\"display: none;\">\n<input type=\"hidden\" name=\"_wpcf7\" value=\"10951\" \/>\n<input type=\"hidden\" name=\"_wpcf7_version\" value=\"6.0.3\" \/>\n<input type=\"hidden\" name=\"_wpcf7_locale\" value=\"it_IT\" \/>\n<input type=\"hidden\" name=\"_wpcf7_unit_tag\" value=\"wpcf7-f10951-o1\" \/>\n<input type=\"hidden\" name=\"_wpcf7_container_post\" value=\"0\" \/>\n<input type=\"hidden\" name=\"_wpcf7_posted_data_hash\" value=\"\" \/>\n<input type=\"hidden\" name=\"_extcf7_conditional_options\" value=\"{&quot;form_id&quot;:10951,&quot;conditions&quot;:[]}\" \/>\n<input type=\"hidden\" name=\"_extcf7_redirect_options\" value=\"{&quot;form_id&quot;:10951,&quot;redirect_options&quot;:{&quot;redirection_enable&quot;:&quot;off&quot;,&quot;custom_url_enable&quot;:&quot;off&quot;,&quot;redirect_page&quot;:&quot;&quot;,&quot;custom_urle&quot;:&quot;&quot;,&quot;redirect_new_tab&quot;:&quot;off&quot;,&quot;js_action&quot;:&quot;off&quot;,&quot;javascript_code&quot;:&quot;&quot;}}\" \/>\n<input type=\"hidden\" name=\"_wpcf7_recaptcha_response\" value=\"\" \/>\n<\/div>\n<div class=\"row\">\n\t<div class=\"col-md-6\">\n\t\t<div class=\"form-group\">\n\t\t\t<p><span class=\"wpcf7-form-control-wrap\" data-name=\"your-name\"><input size=\"40\" maxlength=\"400\" class=\"wpcf7-form-control wpcf7-text wpcf7-validates-as-required form-control\" aria-required=\"true\" aria-invalid=\"false\" placeholder=\"Nom et Pr\u00e9nom *\" value=\"\" type=\"text\" name=\"your-name\" \/><\/span>\n\t\t\t<\/p>\n\t\t<\/div>\n\t<\/div>\n\t<div class=\"col-md-6\">\n\t\t<div class=\"form-group\">\n\t\t\t<p><span class=\"wpcf7-form-control-wrap\" data-name=\"your-email\"><input size=\"40\" maxlength=\"400\" class=\"wpcf7-form-control wpcf7-email wpcf7-validates-as-required wpcf7-text wpcf7-validates-as-email form-control\" aria-required=\"true\" aria-invalid=\"false\" placeholder=\"E-mail *\" value=\"\" type=\"email\" name=\"your-email\" \/><\/span>\n\t\t\t<\/p>\n\t\t<\/div>\n\t<\/div>\n<\/div>\n<div class=\"row\">\n\t<div class=\"col-md-4\">\n\t\t<div class=\"form-group\">\n\t\t\t<p><span class=\"wpcf7-form-control-wrap\" data-name=\"your-phone\"><input size=\"40\" maxlength=\"400\" class=\"wpcf7-form-control wpcf7-text wpcf7-validates-as-required form-control\" aria-required=\"true\" aria-invalid=\"false\" placeholder=\"Telephone Number: *\" value=\"\" type=\"text\" name=\"your-phone\" \/><\/span>\n\t\t\t<\/p>\n\t\t<\/div>\n\t<\/div>\n\t<div class=\"col-md-4\">\n\t\t<div class=\"form-group\">\n\t\t\t<p><span class=\"wpcf7-form-control-wrap\" data-name=\"your-company\"><input size=\"40\" maxlength=\"400\" class=\"wpcf7-form-control wpcf7-text form-control\" aria-invalid=\"false\" placeholder=\"Entreprise\" value=\"\" type=\"text\" name=\"your-company\" \/><\/span>\n\t\t\t<\/p>\n\t\t<\/div>\n\t<\/div>\n\t<div class=\"col-md-4\">\n\t\t<div class=\"form-group\">\n\t\t\t<p><span class=\"wpcf7-form-control-wrap\" data-name=\"your-country\"><input size=\"40\" maxlength=\"400\" class=\"wpcf7-form-control wpcf7-text form-control\" aria-invalid=\"false\" placeholder=\"Pays:\" value=\"\" type=\"text\" name=\"your-country\" \/><\/span>\n\t\t\t<\/p>\n\t\t<\/div>\n\t<\/div>\n<\/div>\n<div class=\"row\">\n\t<div class=\"col-md-12\">\n\t\t<div class=\"form-group\">\n\t\t\t<p><span class=\"wpcf7-form-control-wrap\" data-name=\"your-message\"><textarea cols=\"40\" rows=\"10\" maxlength=\"2000\" class=\"wpcf7-form-control wpcf7-textarea form-control\" aria-invalid=\"false\" placeholder=\"Message:\" name=\"your-message\"><\/textarea><\/span>\n\t\t\t<\/p>\n\t\t<\/div>\n\t<\/div>\n<\/div>\n<div class=\"row\">\n\t<div class=\"col-md-12\">\n\t\t<div class=\"form-group\">\n\t\t\t<p><span class=\"wpcf7-form-control-wrap\" data-name=\"acceptance\"><span class=\"wpcf7-form-control wpcf7-acceptance\"><span class=\"wpcf7-list-item\"><label><input type=\"checkbox\" name=\"acceptance\" value=\"1\" aria-invalid=\"false\" \/><span class=\"wpcf7-list-item-label\">Je d\u00e9clare avoir lu et accept\u00e9 la d\u00e9claration de confidentialit\u00e9 et la notification dans toutes ses clauses <a href=\"https:\/\/www.iubenda.com\/privacy-policy\/42827814\" class=\"\" target=\"_blank\">privacy policy<\/a> *<\/span><\/label><\/span><\/span><\/span>\n\t\t\t<\/p>\n\t\t<\/div>\n\t<\/div>\n\t<div class=\"col-md-12 text-center\">\n\t\t<div class=\"form-group\">\n\t\t\t<p><input class=\"wpcf7-form-control wpcf7-submit has-spinner organium_button organium_button--primary\" type=\"submit\" value=\"Submit\" \/>\n\t\t\t<\/p>\n\t\t<\/div>\n\t<\/div>\n<\/div><div class=\"wpcf7-response-output\" aria-hidden=\"true\"><\/div>\n<\/form>\n<\/div>\n            <\/div>\n\n        \t\t<\/div>\n\t\t\t\t<\/div>\n\t\t\t\t\t\t<\/div>\n\t\t\t\t\t<\/div>\n\t\t<\/div>\n\t\t\t\t\t\t\t\t<\/div>\n\t\t\t\t\t<\/div>\n\t\t<\/section>\n\t\t\t\t\t\t<\/div>\n\t\t\t\t\t\t<\/div>\n\t\t\t\t\t<\/div>\n\t\t","protected":false},"excerpt":{"rendered":"<p>Je d\u00e9clare avoir lu et accept\u00e9 la d\u00e9claration de confidentialit\u00e9 et la notification dans toutes ses clauses privacy policy *<\/p>\n","protected":false},"author":1,"featured_media":0,"parent":0,"menu_order":0,"comment_status":"closed","ping_status":"closed","template":"","meta":{"footnotes":""},"class_list":["post-10945","page","type-page","status-publish","hentry"],"acf":[],"yoast_head":"<!-- This site is optimized with the Yoast SEO plugin v24.2 - https:\/\/yoast.com\/wordpress\/plugins\/seo\/ -->\n<title>Contacteaz\u0103-ne<\/title>\n<meta name=\"description\" content=\"Scent Company, azienda leader nello studio del tuo logo olfattivo. Clicca qui per contattarci e crea il tuo brand olfattivo.\" \/>\n<meta name=\"robots\" content=\"index, follow, max-snippet:-1, max-image-preview:large, max-video-preview:-1\" \/>\n<link rel=\"canonical\" href=\"https:\/\/www.scentcompany.it\/contatti\/\" \/>\n<meta property=\"og:locale\" content=\"fr_FR\" \/>\n<meta property=\"og:type\" content=\"article\" \/>\n<meta property=\"og:title\" content=\"Crea ora il tuo branding olfattivo: contatta Scent Company\" \/>\n<meta property=\"og:description\" content=\"Scent Company, azienda leader nello studio del tuo logo olfattivo. Clicca qui per contattarci e crea il tuo brand olfattivo.\" \/>\n<meta property=\"og:url\" content=\"https:\/\/www.scentcompany.it\/contatti\/\" \/>\n<meta property=\"og:site_name\" content=\"Scent Company\" \/>\n<meta property=\"article:publisher\" content=\"https:\/\/www.facebook.com\/luxuryscentmarketing\/\" \/>\n<meta property=\"article:modified_time\" content=\"2022-05-27T07:47:15+00:00\" \/>\n<meta name=\"twitter:card\" content=\"summary_large_image\" \/>\n<meta name=\"twitter:label1\" content=\"Dur\u00e9e de lecture estim\u00e9e\" \/>\n\t<meta name=\"twitter:data1\" content=\"1 minute\" \/>\n<script type=\"application\/ld+json\" class=\"yoast-schema-graph\">{\"@context\":\"https:\/\/schema.org\",\"@graph\":[{\"@type\":\"WebPage\",\"@id\":\"https:\/\/www.scentcompany.it\/contatti\/\",\"url\":\"https:\/\/www.scentcompany.it\/contatti\/\",\"name\":\"Contacteaz\u0103-ne\",\"isPartOf\":{\"@id\":\"https:\/\/www.scentcompany.it\/#website\"},\"datePublished\":\"2021-11-24T07:24:11+00:00\",\"dateModified\":\"2022-05-27T07:47:15+00:00\",\"description\":\"Scent Company, azienda leader nello studio del tuo logo olfattivo. Clicca qui per contattarci e crea il tuo brand olfattivo.\",\"breadcrumb\":{\"@id\":\"https:\/\/www.scentcompany.it\/contatti\/#breadcrumb\"},\"inLanguage\":\"fr-FR\",\"potentialAction\":[{\"@type\":\"ReadAction\",\"target\":[\"https:\/\/www.scentcompany.it\/contatti\/\"]}]},{\"@type\":\"BreadcrumbList\",\"@id\":\"https:\/\/www.scentcompany.it\/contatti\/#breadcrumb\",\"itemListElement\":[{\"@type\":\"ListItem\",\"position\":1,\"name\":\"Home\",\"item\":\"https:\/\/www.scentcompany.it\/fr\/\"},{\"@type\":\"ListItem\",\"position\":2,\"name\":\"CONTACTEZ NOUS\"}]},{\"@type\":\"WebSite\",\"@id\":\"https:\/\/www.scentcompany.it\/#website\",\"url\":\"https:\/\/www.scentcompany.it\/\",\"name\":\"Scent Company\",\"description\":\"Olfactory Branding Made in Italy\",\"publisher\":{\"@id\":\"https:\/\/www.scentcompany.it\/#organization\"},\"potentialAction\":[{\"@type\":\"SearchAction\",\"target\":{\"@type\":\"EntryPoint\",\"urlTemplate\":\"https:\/\/www.scentcompany.it\/?s={search_term_string}\"},\"query-input\":{\"@type\":\"PropertyValueSpecification\",\"valueRequired\":true,\"valueName\":\"search_term_string\"}}],\"inLanguage\":\"fr-FR\"},{\"@type\":\"Organization\",\"@id\":\"https:\/\/www.scentcompany.it\/#organization\",\"name\":\"Scent Company\",\"url\":\"https:\/\/www.scentcompany.it\/\",\"logo\":{\"@type\":\"ImageObject\",\"inLanguage\":\"fr-FR\",\"@id\":\"https:\/\/www.scentcompany.it\/#\/schema\/logo\/image\/\",\"url\":\"https:\/\/www.scentcompany.it\/wp-content\/uploads\/2021\/12\/scent-company-social.jpg\",\"contentUrl\":\"https:\/\/www.scentcompany.it\/wp-content\/uploads\/2021\/12\/scent-company-social.jpg\",\"width\":1024,\"height\":768,\"caption\":\"Scent Company\"},\"image\":{\"@id\":\"https:\/\/www.scentcompany.it\/#\/schema\/logo\/image\/\"},\"sameAs\":[\"https:\/\/www.facebook.com\/luxuryscentmarketing\/\",\"https:\/\/www.instagram.com\/scentcompany_\/\",\"https:\/\/www.linkedin.com\/company\/scent-company\"]}]}<\/script>\n<!-- \/ Yoast SEO plugin. -->","yoast_head_json":{"title":"Contacteaz\u0103-ne","description":"Scent Company, azienda leader nello studio del tuo logo olfattivo. Clicca qui per contattarci e crea il tuo brand olfattivo.","robots":{"index":"index","follow":"follow","max-snippet":"max-snippet:-1","max-image-preview":"max-image-preview:large","max-video-preview":"max-video-preview:-1"},"canonical":"https:\/\/www.scentcompany.it\/contatti\/","og_locale":"fr_FR","og_type":"article","og_title":"Crea ora il tuo branding olfattivo: contatta Scent Company","og_description":"Scent Company, azienda leader nello studio del tuo logo olfattivo. Clicca qui per contattarci e crea il tuo brand olfattivo.","og_url":"https:\/\/www.scentcompany.it\/contatti\/","og_site_name":"Scent Company","article_publisher":"https:\/\/www.facebook.com\/luxuryscentmarketing\/","article_modified_time":"2022-05-27T07:47:15+00:00","twitter_card":"summary_large_image","twitter_misc":{"Dur\u00e9e de lecture estim\u00e9e":"1 minute"},"schema":{"@context":"https:\/\/schema.org","@graph":[{"@type":"WebPage","@id":"https:\/\/www.scentcompany.it\/contatti\/","url":"https:\/\/www.scentcompany.it\/contatti\/","name":"Contacteaz\u0103-ne","isPartOf":{"@id":"https:\/\/www.scentcompany.it\/#website"},"datePublished":"2021-11-24T07:24:11+00:00","dateModified":"2022-05-27T07:47:15+00:00","description":"Scent Company, azienda leader nello studio del tuo logo olfattivo. Clicca qui per contattarci e crea il tuo brand olfattivo.","breadcrumb":{"@id":"https:\/\/www.scentcompany.it\/contatti\/#breadcrumb"},"inLanguage":"fr-FR","potentialAction":[{"@type":"ReadAction","target":["https:\/\/www.scentcompany.it\/contatti\/"]}]},{"@type":"BreadcrumbList","@id":"https:\/\/www.scentcompany.it\/contatti\/#breadcrumb","itemListElement":[{"@type":"ListItem","position":1,"name":"Home","item":"https:\/\/www.scentcompany.it\/fr\/"},{"@type":"ListItem","position":2,"name":"CONTACTEZ NOUS"}]},{"@type":"WebSite","@id":"https:\/\/www.scentcompany.it\/#website","url":"https:\/\/www.scentcompany.it\/","name":"Scent Company","description":"Olfactory Branding Made in Italy","publisher":{"@id":"https:\/\/www.scentcompany.it\/#organization"},"potentialAction":[{"@type":"SearchAction","target":{"@type":"EntryPoint","urlTemplate":"https:\/\/www.scentcompany.it\/?s={search_term_string}"},"query-input":{"@type":"PropertyValueSpecification","valueRequired":true,"valueName":"search_term_string"}}],"inLanguage":"fr-FR"},{"@type":"Organization","@id":"https:\/\/www.scentcompany.it\/#organization","name":"Scent Company","url":"https:\/\/www.scentcompany.it\/","logo":{"@type":"ImageObject","inLanguage":"fr-FR","@id":"https:\/\/www.scentcompany.it\/#\/schema\/logo\/image\/","url":"https:\/\/www.scentcompany.it\/wp-content\/uploads\/2021\/12\/scent-company-social.jpg","contentUrl":"https:\/\/www.scentcompany.it\/wp-content\/uploads\/2021\/12\/scent-company-social.jpg","width":1024,"height":768,"caption":"Scent Company"},"image":{"@id":"https:\/\/www.scentcompany.it\/#\/schema\/logo\/image\/"},"sameAs":["https:\/\/www.facebook.com\/luxuryscentmarketing\/","https:\/\/www.instagram.com\/scentcompany_\/","https:\/\/www.linkedin.com\/company\/scent-company"]}]}},"_links":{"self":[{"href":"https:\/\/www.scentcompany.it\/fr\/wp-json\/wp\/v2\/pages\/10945","targetHints":{"allow":["GET"]}}],"collection":[{"href":"https:\/\/www.scentcompany.it\/fr\/wp-json\/wp\/v2\/pages"}],"about":[{"href":"https:\/\/www.scentcompany.it\/fr\/wp-json\/wp\/v2\/types\/page"}],"author":[{"embeddable":true,"href":"https:\/\/www.scentcompany.it\/fr\/wp-json\/wp\/v2\/users\/1"}],"replies":[{"embeddable":true,"href":"https:\/\/www.scentcompany.it\/fr\/wp-json\/wp\/v2\/comments?post=10945"}],"version-history":[{"count":3,"href":"https:\/\/www.scentcompany.it\/fr\/wp-json\/wp\/v2\/pages\/10945\/revisions"}],"predecessor-version":[{"id":11184,"href":"https:\/\/www.scentcompany.it\/fr\/wp-json\/wp\/v2\/pages\/10945\/revisions\/11184"}],"wp:attachment":[{"href":"https:\/\/www.scentcompany.it\/fr\/wp-json\/wp\/v2\/media?parent=10945"}],"curies":[{"name":"wp","href":"https:\/\/api.w.org\/{rel}","templated":true}]}}